{"id":117,"date":"2014-07-06T12:55:20","date_gmt":"2014-07-06T10:55:20","guid":{"rendered":"http:\/\/lanford.myqnapcloud.com\/wordpress\/?page_id=4"},"modified":"2015-04-23T08:04:10","modified_gmt":"2015-04-23T06:04:10","slug":"profil","status":"publish","type":"page","link":"https:\/\/josefmennicken.de\/?page_id=117","title":{"rendered":"Profil"},"content":{"rendered":"<p>Josef Mennicken e.K.<br \/>\nKastanienallee 13<br \/>\n58638 Iserlohn<br \/>\nTel: 02371 \/ 95 91 50<br \/>\nFax: 02371 \/ 95 91 95<\/p>\n<p>mail:<a class=\"linkSub\" href=\"mailto:info@josefmennicken.de\">info@josefmennicken.de<\/a><\/p>\n<p><strong> <span class=\"flowText\">Mitarbeiter der Josef Mennicken e.K.:<\/span><\/strong><\/span><\/p>\n<p class=\"flowText\">Gesellschafter: R.D. Lahme<\/p>\n<p class=\"flowText\">Jahresumsatz: ca. 3 Mio. \u20ac<\/p>\n<p class=\"flowText\">Technische Mitarbeiter: 2<br \/>\nKaufm\u00e4nnische Mitarbeiter: 2<br \/>\nStuckateure f\u00fcr den Au\u00dfenbereich: 15<br \/>\nInnenputzkolonnen: 2<br \/>\nAkustik- Trockenbaukolonnen: 2<\/p>\n<p class=\"flowText\">Leistungsradius: ca. 150 km<br \/>\nAusr\u00fcstung: Div. Putzmaschinenanlagen, Ger\u00fcste, Fahrzeuge und Bauwagen.<\/p>\n<p class=\"flowText\">Eingetragen in Handelsregister\/Handwerksrolle bei der Handwerkskammer Arnsberg am 15.12.1929.<br \/>\nMitglied der Bau-Berufsgenossenschaft Rheinland + Westfalen seit dem 08.03.1911<\/p>\n<p class=\"flowText\"><span style=\"text-decoration: underline;\"><strong>Unser umfangreiches Leistungsprogramm:<\/strong><\/span><\/p>\n<p>\t&#8211; Innen- und Au\u00dfenputzarbeiten<br \/>\n\t&#8211; Stuck- und Rabbitzarbeiten im Innen- und Au\u00dfenbereich<br \/>\n\t&#8211; W\u00e4rmed\u00e4mmverbundsysteme<br \/>\n\t&#8211; Fassadensanierung<br \/>\n\t&#8211; Denkmalschutz und Steinrestaurierung<br \/>\n\t&#8211; Akustik- Trockenbau<br \/>\n\t&#8211; Akustikdecken \/ Unterdecken<br \/>\n\t&#8211; Trennw\u00e4nde aus Gips<br \/>\n\t&#8211; Wandverkleidungen aud Gipskarton<br \/>\n\t&#8211; Deckenverkleidung aus Metall<br \/>\n\t&#8211; Dachgescho\u00dfausbau<br \/>\n\t&#8211; Feuerschutzverkleidungen<br \/>\n\t&#8211; T\u00fcrzargen und T\u00fcren<br \/>\n\t&#8211; Innen- und Au\u00dfenanstriche<br \/>\n\t&#8211; Akustikputzarbeiten<\/p>\n","protected":false},"excerpt":{"rendered":"<p>Josef Mennicken e.K. Kastanienallee 13 58638 Iserlohn Tel: 02371 \/ 95 91 50 Fax: 02371 \/ 95 91 95 mail:info@josefmennicken.de Mitarbeiter der Josef Mennicken e.K.: Gesellschafter: R.D. Lahme Jahresumsatz: ca. 3 Mio. \u20ac Technische Mitarbeiter: 2 Kaufm\u00e4nnische Mitarbeiter: 2 Stuckateure f\u00fcr den Au\u00dfenbereich: 15 Innenputzkolonnen: 2 Akustik- Trockenbaukolonnen: 2 Leistungsradius: ca. 150 km Ausr\u00fcstung: Div. &hellip; <a href=\"https:\/\/josefmennicken.de\/?page_id=117\" class=\"more-link\"><span class=\"screen-reader-text\">Profil<\/span> weiterlesen <span class=\"meta-nav\">&rarr;<\/span><\/a><\/p>\n","protected":false},"author":1,"featured_media":0,"parent":0,"menu_order":0,"comment_status":"open","ping_status":"open","template":"","meta":{"footnotes":""},"class_list":["post-117","page","type-page","status-publish","hentry"],"_links":{"self":[{"href":"https:\/\/josefmennicken.de\/index.php?rest_route=\/wp\/v2\/pages\/117","targetHints":{"allow":["GET"]}}],"collection":[{"href":"https:\/\/josefmennicken.de\/index.php?rest_route=\/wp\/v2\/pages"}],"about":[{"href":"https:\/\/josefmennicken.de\/index.php?rest_route=\/wp\/v2\/types\/page"}],"author":[{"embeddable":true,"href":"https:\/\/josefmennicken.de\/index.php?rest_route=\/wp\/v2\/users\/1"}],"replies":[{"embeddable":true,"href":"https:\/\/josefmennicken.de\/index.php?rest_route=%2Fwp%2Fv2%2Fcomments&post=117"}],"version-history":[{"count":8,"href":"https:\/\/josefmennicken.de\/index.php?rest_route=\/wp\/v2\/pages\/117\/revisions"}],"predecessor-version":[{"id":265,"href":"https:\/\/josefmennicken.de\/index.php?rest_route=\/wp\/v2\/pages\/117\/revisions\/265"}],"wp:attachment":[{"href":"https:\/\/josefmennicken.de\/index.php?rest_route=%2Fwp%2Fv2%2Fmedia&parent=117"}],"curies":[{"name":"wp","href":"https:\/\/api.w.org\/{rel}","templated":true}]}}