{"id":13,"date":"2014-07-06T12:53:41","date_gmt":"2014-07-06T10:53:41","guid":{"rendered":"http:\/\/lanford.myqnapcloud.com\/wordpress\/?page_id=13"},"modified":"2024-06-14T13:22:31","modified_gmt":"2024-06-14T11:22:31","slug":"unser-team","status":"publish","type":"page","link":"https:\/\/josefmennicken.de\/?page_id=13","title":{"rendered":"Unser Team"},"content":{"rendered":"<p><strong>Pers\u00f6nlich haftender Gesellschafter:<\/strong><br \/>\nDipl.-Ing. Ralf-Dieter Lahme<\/p>\n<p><strong>Aussenputz, Vollw\u00e4rmeschutz, Innenputz, Akustik- und Trockenbau:<\/strong><br \/>\nDipl.-Ing. Ralf-Dieter Lahme<\/p>\n<p><strong>B\u00fcroleitung und Finanzbuchhaltung:<\/strong><\/p>\n<p><strong>Zentrale und Sekretariat:<\/strong><\/p>\n","protected":false},"excerpt":{"rendered":"<p>Pers\u00f6nlich haftender Gesellschafter: Dipl.-Ing. Ralf-Dieter Lahme Aussenputz, Vollw\u00e4rmeschutz, Innenputz, Akustik- und Trockenbau: Dipl.-Ing. Ralf-Dieter Lahme B\u00fcroleitung und Finanzbuchhaltung: Zentrale und Sekretariat:<\/p>\n","protected":false},"author":1,"featured_media":0,"parent":0,"menu_order":0,"comment_status":"open","ping_status":"open","template":"","meta":{"footnotes":""},"class_list":["post-13","page","type-page","status-publish","hentry"],"_links":{"self":[{"href":"https:\/\/josefmennicken.de\/index.php?rest_route=\/wp\/v2\/pages\/13","targetHints":{"allow":["GET"]}}],"collection":[{"href":"https:\/\/josefmennicken.de\/index.php?rest_route=\/wp\/v2\/pages"}],"about":[{"href":"https:\/\/josefmennicken.de\/index.php?rest_route=\/wp\/v2\/types\/page"}],"author":[{"embeddable":true,"href":"https:\/\/josefmennicken.de\/index.php?rest_route=\/wp\/v2\/users\/1"}],"replies":[{"embeddable":true,"href":"https:\/\/josefmennicken.de\/index.php?rest_route=%2Fwp%2Fv2%2Fcomments&post=13"}],"version-history":[{"count":10,"href":"https:\/\/josefmennicken.de\/index.php?rest_route=\/wp\/v2\/pages\/13\/revisions"}],"predecessor-version":[{"id":303,"href":"https:\/\/josefmennicken.de\/index.php?rest_route=\/wp\/v2\/pages\/13\/revisions\/303"}],"wp:attachment":[{"href":"https:\/\/josefmennicken.de\/index.php?rest_route=%2Fwp%2Fv2%2Fmedia&parent=13"}],"curies":[{"name":"wp","href":"https:\/\/api.w.org\/{rel}","templated":true}]}}