{"id":17,"date":"2014-07-06T12:55:49","date_gmt":"2014-07-06T10:55:49","guid":{"rendered":"http:\/\/lanford.myqnapcloud.com\/wordpress\/?page_id=17"},"modified":"2014-07-06T12:55:49","modified_gmt":"2014-07-06T10:55:49","slug":"historie","status":"publish","type":"page","link":"https:\/\/josefmennicken.de\/?page_id=17","title":{"rendered":"Historie"},"content":{"rendered":"<p><span class=\"flowText\">1911 gr\u00fcndete Stuckateurmeister Josef Mennicken unsere Firma in Iserlohn. Trotz der schwierigen Zeiten wie 1. Weltkrieg und der anschlie\u00dfenden Inflation gelang es ihm, die Firma \u00fcber Wasser zu halten und in den drei\u00dfiger Jahren auf ca. 30 &#8211; 40 Stuckateure auszubauen. <\/span><\/p>\n<p><span class=\"flowText\">S<\/span><span class=\"flowText\">chon in diesen Jahren lag der Einzugsbereich der Firma weit \u00fcber den heimischen Raum. Zum Beispiel wurden schon damals Kasernenbauten in Fallingbostel ( L\u00fcneburger Heide ) durch unsere Firma mit Au\u00dfenputz versehen.<\/span><\/p>\n<p><span class=\"flowText\">Nach dem 2.Weltkrieg 1946 trat Stuckateurmeister August Lahme als Teilhaber in die Firma ein und baute neben dem Stuckgesch\u00e4ft eine Betonwerksteinabteilung auf und an. Josef Mennicken, schied 1956 aus gesundheitlichen und Altersgr\u00fcnden aus der Firma aus.<\/span><\/p>\n<p><span class=\"flowText\"> Als Stuckateurmeister Hans Georg Lahme 1964 als Mitinhaber in die Firma eintrat, wurden alle Gesch\u00e4ftsfelder stark erweitert und das neue Segment der W\u00e4rmedemmverbundsysteme erschlossen. Mit dem altersbedingten Ausscheiden von August Lahme 1980 musste die Betonwerksteinabteilung geschlossen werden. <\/span><\/p>\n<p>&nbsp;<\/p>\n<p><span class=\"flowText\"> Seit 1981 wurde mit dem Eintritt des Stuckateurmeisters Hermann Albuschkat als Gesellschafter der Ausbau der Innenputz- und Trockenbauabteilung rasant forciert. Die dritte Generation ist seit 1993 durch Herrn Dipl.- Ing. Ralf Dieter Lahme in der Gesch\u00e4ftsf\u00fchrung vertreten.<\/span><\/p>\n<p>Herr Hermann Albuschkat schied Ende 2004 aus.<\/p>\n","protected":false},"excerpt":{"rendered":"<p>1911 gr\u00fcndete Stuckateurmeister Josef Mennicken unsere Firma in Iserlohn. Trotz der schwierigen Zeiten wie 1. Weltkrieg und der anschlie\u00dfenden Inflation gelang es ihm, die Firma \u00fcber Wasser zu halten und in den drei\u00dfiger Jahren auf ca. 30 &#8211; 40 Stuckateure auszubauen. Schon in diesen Jahren lag der Einzugsbereich der Firma weit \u00fcber den heimischen Raum. &hellip; <a href=\"https:\/\/josefmennicken.de\/?page_id=17\" class=\"more-link\"><span class=\"screen-reader-text\">Historie<\/span> weiterlesen <span class=\"meta-nav\">&rarr;<\/span><\/a><\/p>\n","protected":false},"author":1,"featured_media":0,"parent":0,"menu_order":0,"comment_status":"open","ping_status":"open","template":"","meta":{"footnotes":""},"class_list":["post-17","page","type-page","status-publish","hentry"],"_links":{"self":[{"href":"https:\/\/josefmennicken.de\/index.php?rest_route=\/wp\/v2\/pages\/17","targetHints":{"allow":["GET"]}}],"collection":[{"href":"https:\/\/josefmennicken.de\/index.php?rest_route=\/wp\/v2\/pages"}],"about":[{"href":"https:\/\/josefmennicken.de\/index.php?rest_route=\/wp\/v2\/types\/page"}],"author":[{"embeddable":true,"href":"https:\/\/josefmennicken.de\/index.php?rest_route=\/wp\/v2\/users\/1"}],"replies":[{"embeddable":true,"href":"https:\/\/josefmennicken.de\/index.php?rest_route=%2Fwp%2Fv2%2Fcomments&post=17"}],"version-history":[{"count":0,"href":"https:\/\/josefmennicken.de\/index.php?rest_route=\/wp\/v2\/pages\/17\/revisions"}],"wp:attachment":[{"href":"https:\/\/josefmennicken.de\/index.php?rest_route=%2Fwp%2Fv2%2Fmedia&parent=17"}],"curies":[{"name":"wp","href":"https:\/\/api.w.org\/{rel}","templated":true}]}}