{"id":30,"date":"2014-07-06T13:00:23","date_gmt":"2014-07-06T11:00:23","guid":{"rendered":"http:\/\/lanford.myqnapcloud.com\/wordpress\/?page_id=30"},"modified":"2014-08-07T10:47:15","modified_gmt":"2014-08-07T08:47:15","slug":"innenputz","status":"publish","type":"page","link":"https:\/\/josefmennicken.de\/?page_id=30","title":{"rendered":"Innenputz"},"content":{"rendered":"<p>&#8211; S\u00e4mtliche Innenputze in allen M\u00f6rtelgruppen.<br \/><span><\/span><br \/>\n&#8211; Einlagige und zweilagige Putze, Strukturputze, Reibeputze und Akustikputz.<br \/><span><\/span><br \/>\n&#8211; Fliesenunterputz mit erh\u00f6hten Anforderungen an die Ebenheit f\u00fcr die bauseitige Fliesenverlegung im D\u00fcnnbettverfahren.<br \/><span><\/span><br \/>\n&#8211; Abgegl\u00e4ttete oder in Struktur abgeriebene Innenputze.<br \/><span><\/span><br \/>\n&#8211; Putze mit erh\u00f6hten Anforderungen an die Ebenheit der Oberfl\u00e4che, oder Schutz vor erh\u00f6htem Abrieb.<br \/><span><\/span><br \/>\n&#8211; Vorbehandlung schwieriger Untergr\u00fcnde.<br \/><span><\/span><br \/>\n&#8211; Technische Beratung und langj\u00e4hrige Erfahrung mit allen Innenputzproblemen.<\/p>\n","protected":false},"excerpt":{"rendered":"<p>&#8211; S\u00e4mtliche Innenputze in allen M\u00f6rtelgruppen. &#8211; Einlagige und zweilagige Putze, Strukturputze, Reibeputze und Akustikputz. &#8211; Fliesenunterputz mit erh\u00f6hten Anforderungen an die Ebenheit f\u00fcr die bauseitige Fliesenverlegung im D\u00fcnnbettverfahren. &#8211; Abgegl\u00e4ttete oder in Struktur abgeriebene Innenputze. &#8211; Putze mit erh\u00f6hten Anforderungen an die Ebenheit der Oberfl\u00e4che, oder Schutz vor erh\u00f6htem Abrieb. &#8211; Vorbehandlung schwieriger Untergr\u00fcnde. &hellip; <a href=\"https:\/\/josefmennicken.de\/?page_id=30\" class=\"more-link\"><span class=\"screen-reader-text\">Innenputz<\/span> weiterlesen <span class=\"meta-nav\">&rarr;<\/span><\/a><\/p>\n","protected":false},"author":1,"featured_media":0,"parent":0,"menu_order":0,"comment_status":"open","ping_status":"open","template":"","meta":{"footnotes":""},"class_list":["post-30","page","type-page","status-publish","hentry"],"_links":{"self":[{"href":"https:\/\/josefmennicken.de\/index.php?rest_route=\/wp\/v2\/pages\/30","targetHints":{"allow":["GET"]}}],"collection":[{"href":"https:\/\/josefmennicken.de\/index.php?rest_route=\/wp\/v2\/pages"}],"about":[{"href":"https:\/\/josefmennicken.de\/index.php?rest_route=\/wp\/v2\/types\/page"}],"author":[{"embeddable":true,"href":"https:\/\/josefmennicken.de\/index.php?rest_route=\/wp\/v2\/users\/1"}],"replies":[{"embeddable":true,"href":"https:\/\/josefmennicken.de\/index.php?rest_route=%2Fwp%2Fv2%2Fcomments&post=30"}],"version-history":[{"count":7,"href":"https:\/\/josefmennicken.de\/index.php?rest_route=\/wp\/v2\/pages\/30\/revisions"}],"predecessor-version":[{"id":196,"href":"https:\/\/josefmennicken.de\/index.php?rest_route=\/wp\/v2\/pages\/30\/revisions\/196"}],"wp:attachment":[{"href":"https:\/\/josefmennicken.de\/index.php?rest_route=%2Fwp%2Fv2%2Fmedia&parent=30"}],"curies":[{"name":"wp","href":"https:\/\/api.w.org\/{rel}","templated":true}]}}