{"id":34,"date":"2014-07-06T13:02:34","date_gmt":"2014-07-06T11:02:34","guid":{"rendered":"http:\/\/lanford.myqnapcloud.com\/wordpress\/?page_id=34"},"modified":"2014-08-07T11:00:30","modified_gmt":"2014-08-07T09:00:30","slug":"stuck","status":"publish","type":"page","link":"https:\/\/josefmennicken.de\/?page_id=34","title":{"rendered":"Stuck"},"content":{"rendered":"<p>\n&#8211; Nacharbeiten, Ausbessern, sowie Neuerstellung alter Putzfl\u00e4chen und Strukturen in s\u00e4mtlichen Putzarten und M\u00f6rtelgruppen im Innen- und Au\u00dfenbereich.<br \/><span><\/span><br \/>\n&#8211; Restaurierung alter Stuckprofile, Gesimse etc., einschl. eventuell erforderlicher Abdr\u00fccke und Gie\u00dfarbeiten.<br \/><span><\/span><br \/>\n&#8211; Vorbehandlung alter Untergr\u00fcnde, Herstellung von Sanierputzen.<br \/><span><\/span><br \/>\n&#8211; Technische und optische Beratung.<br \/><span><\/span><br \/>\n&#8211; Beratung und Ausf\u00fchrung unter Hinzuziehung eines staatlich gepr\u00fcften Restaurators des Stuckgewerbes.<\/p>\n","protected":false},"excerpt":{"rendered":"<p>&#8211; Nacharbeiten, Ausbessern, sowie Neuerstellung alter Putzfl\u00e4chen und Strukturen in s\u00e4mtlichen Putzarten und M\u00f6rtelgruppen im Innen- und Au\u00dfenbereich. &#8211; Restaurierung alter Stuckprofile, Gesimse etc., einschl. eventuell erforderlicher Abdr\u00fccke und Gie\u00dfarbeiten. &#8211; Vorbehandlung alter Untergr\u00fcnde, Herstellung von Sanierputzen. &#8211; Technische und optische Beratung. &#8211; Beratung und Ausf\u00fchrung unter Hinzuziehung eines staatlich gepr\u00fcften Restaurators des Stuckgewerbes.<\/p>\n","protected":false},"author":1,"featured_media":0,"parent":0,"menu_order":0,"comment_status":"open","ping_status":"open","template":"","meta":{"footnotes":""},"class_list":["post-34","page","type-page","status-publish","hentry"],"_links":{"self":[{"href":"https:\/\/josefmennicken.de\/index.php?rest_route=\/wp\/v2\/pages\/34","targetHints":{"allow":["GET"]}}],"collection":[{"href":"https:\/\/josefmennicken.de\/index.php?rest_route=\/wp\/v2\/pages"}],"about":[{"href":"https:\/\/josefmennicken.de\/index.php?rest_route=\/wp\/v2\/types\/page"}],"author":[{"embeddable":true,"href":"https:\/\/josefmennicken.de\/index.php?rest_route=\/wp\/v2\/users\/1"}],"replies":[{"embeddable":true,"href":"https:\/\/josefmennicken.de\/index.php?rest_route=%2Fwp%2Fv2%2Fcomments&post=34"}],"version-history":[{"count":1,"href":"https:\/\/josefmennicken.de\/index.php?rest_route=\/wp\/v2\/pages\/34\/revisions"}],"predecessor-version":[{"id":204,"href":"https:\/\/josefmennicken.de\/index.php?rest_route=\/wp\/v2\/pages\/34\/revisions\/204"}],"wp:attachment":[{"href":"https:\/\/josefmennicken.de\/index.php?rest_route=%2Fwp%2Fv2%2Fmedia&parent=34"}],"curies":[{"name":"wp","href":"https:\/\/api.w.org\/{rel}","templated":true}]}}