{"id":38,"date":"2014-07-06T13:04:19","date_gmt":"2014-07-06T11:04:19","guid":{"rendered":"http:\/\/lanford.myqnapcloud.com\/wordpress\/?page_id=38"},"modified":"2014-08-07T11:03:50","modified_gmt":"2014-08-07T09:03:50","slug":"waermeverbundsysteme","status":"publish","type":"page","link":"https:\/\/josefmennicken.de\/?page_id=38","title":{"rendered":"W\u00e4rmeverbundsysteme"},"content":{"rendered":"<p>&#8211; Erstellen von W\u00e4rmed\u00e4mmverbundsystemen an Neu- und Altbauen.<br \/><span><\/span><br \/>\n&#8211; S\u00e4mtliche D\u00e4mmsysteme mit Polysterol- Hartschaumplatten und Mineralfaserplatten kleben, d\u00fcbeln oder Schienensysteme.<br \/><span><\/span><br \/>\n&#8211; Auf D\u00e4mmsysteme s\u00e4mtliche zugelassenen Oberputze mit mineralischen und organischen Bindemitteln, Silikonharz- und Silikatputze.<br \/><span><\/span><br \/>\n&#8211; Vorbehandlung schwieriger Untergr\u00fcnde.<br \/><span><\/span><br \/>\n&#8211; Ger\u00fcstbau und Lieferung von Alu &#8211; Au\u00dfenfensterb\u00e4nken.<br \/><span><\/span><br \/>\n&#8211; Technische und farbliche Beratung einschl. K-Wert Berechnung.<\/p>\n","protected":false},"excerpt":{"rendered":"<p>&#8211; Erstellen von W\u00e4rmed\u00e4mmverbundsystemen an Neu- und Altbauen. &#8211; S\u00e4mtliche D\u00e4mmsysteme mit Polysterol- Hartschaumplatten und Mineralfaserplatten kleben, d\u00fcbeln oder Schienensysteme. &#8211; Auf D\u00e4mmsysteme s\u00e4mtliche zugelassenen Oberputze mit mineralischen und organischen Bindemitteln, Silikonharz- und Silikatputze. &#8211; Vorbehandlung schwieriger Untergr\u00fcnde. &#8211; Ger\u00fcstbau und Lieferung von Alu &#8211; Au\u00dfenfensterb\u00e4nken. &#8211; Technische und farbliche Beratung einschl. K-Wert Berechnung.<\/p>\n","protected":false},"author":1,"featured_media":0,"parent":0,"menu_order":0,"comment_status":"open","ping_status":"open","template":"","meta":{"footnotes":""},"class_list":["post-38","page","type-page","status-publish","hentry"],"_links":{"self":[{"href":"https:\/\/josefmennicken.de\/index.php?rest_route=\/wp\/v2\/pages\/38","targetHints":{"allow":["GET"]}}],"collection":[{"href":"https:\/\/josefmennicken.de\/index.php?rest_route=\/wp\/v2\/pages"}],"about":[{"href":"https:\/\/josefmennicken.de\/index.php?rest_route=\/wp\/v2\/types\/page"}],"author":[{"embeddable":true,"href":"https:\/\/josefmennicken.de\/index.php?rest_route=\/wp\/v2\/users\/1"}],"replies":[{"embeddable":true,"href":"https:\/\/josefmennicken.de\/index.php?rest_route=%2Fwp%2Fv2%2Fcomments&post=38"}],"version-history":[{"count":1,"href":"https:\/\/josefmennicken.de\/index.php?rest_route=\/wp\/v2\/pages\/38\/revisions"}],"predecessor-version":[{"id":208,"href":"https:\/\/josefmennicken.de\/index.php?rest_route=\/wp\/v2\/pages\/38\/revisions\/208"}],"wp:attachment":[{"href":"https:\/\/josefmennicken.de\/index.php?rest_route=%2Fwp%2Fv2%2Fmedia&parent=38"}],"curies":[{"name":"wp","href":"https:\/\/api.w.org\/{rel}","templated":true}]}}